{"id":1807,"date":"2018-03-15T16:46:59","date_gmt":"2018-03-15T15:46:59","guid":{"rendered":"https:\/\/reflaktive.de\/wowow\/warnweste-fuer-erwachsene"},"modified":"2018-04-10T16:37:18","modified_gmt":"2018-04-10T14:37:18","slug":"mesh-gilet-adult","status":"publish","type":"page","link":"https:\/\/reflaktive.de\/en\/wowow\/mesh-gilet-adult","title":{"rendered":"Mesh Gilet Adult"},"content":{"rendered":"<p>Warnweste mit reflektierenden Streifen und Klettverschluss gem\u00e4\u00df EN ISO 20471 in gelb. Sie besteht aus 100% Polyester und ist in verschiedenen Gr\u00f6\u00dfen erh\u00e4ltlich.<\/p>\n<ul>\n<li>100% Polyester in fluorescent yellow colour<\/li>\n<li>5 cm wide reflective stripes on front and back<\/li>\n<li>Closes at the front with velcro<\/li>\n<\/ul>\n","protected":false},"excerpt":{"rendered":"<p>Warnweste mit reflektierenden Streifen und Klettverschluss gem\u00e4\u00df EN ISO 20471 in gelb. Sie besteht aus 100% Polyester und ist in [&hellip;]<\/p>\n","protected":false},"author":5,"featured_media":0,"parent":1785,"menu_order":6,"comment_status":"closed","ping_status":"closed","template":"page-templates\/product.php","meta":{"footnotes":""},"acf":[],"_links":{"self":[{"href":"https:\/\/reflaktive.de\/en\/wp-json\/wp\/v2\/pages\/1807"}],"collection":[{"href":"https:\/\/reflaktive.de\/en\/wp-json\/wp\/v2\/pages"}],"about":[{"href":"https:\/\/reflaktive.de\/en\/wp-json\/wp\/v2\/types\/page"}],"author":[{"embeddable":true,"href":"https:\/\/reflaktive.de\/en\/wp-json\/wp\/v2\/users\/5"}],"replies":[{"embeddable":true,"href":"https:\/\/reflaktive.de\/en\/wp-json\/wp\/v2\/comments?post=1807"}],"version-history":[{"count":0,"href":"https:\/\/reflaktive.de\/en\/wp-json\/wp\/v2\/pages\/1807\/revisions"}],"up":[{"embeddable":true,"href":"https:\/\/reflaktive.de\/en\/wp-json\/wp\/v2\/pages\/1785"}],"wp:attachment":[{"href":"https:\/\/reflaktive.de\/en\/wp-json\/wp\/v2\/media?parent=1807"}],"curies":[{"name":"wp","href":"https:\/\/api.w.org\/{rel}","templated":true}]}}